{"id":99,"date":"2022-06-02T20:02:45","date_gmt":"2022-06-02T20:02:45","guid":{"rendered":"https:\/\/mw9.ch\/?page_id=99"},"modified":"2024-06-15T17:24:32","modified_gmt":"2024-06-15T17:24:32","slug":"mw9-ch","status":"publish","type":"page","link":"https:\/\/mw99.revier.ch\/index.php\/mw9-ch\/","title":{"rendered":"mw9.ch"},"content":{"rendered":"\r\n<h2 class=\"wp-block-heading\">Bedeutung der Namensgebung<\/h2>\r\n\r\n\r\n\r\n<p>Die Seite mw9.ch l\u00e4sst sich gut merken:<\/p>\r\n\r\n\r\n\r\n<p><strong>M<\/strong>arkus <strong>W<\/strong>inter <strong>9<\/strong> aus der Schweiz.<\/p>\r\n\r\n\r\n\r\n<p>Die Ziffer 9 k\u00f6nnte auch 99 sein. Nicht ganz 100&#8230;. \ud83d\ude09<\/p>\r\n\r\n\r\n\r\n<h2 class=\"wp-block-heading\">Entstehungsgeschichte<\/h2>\r\n\r\n\r\n\r\n<p>Immer wieder treffe ich Menschen und w\u00fcrde gerne meine Kontaktdaten austauschen. Doch Visienkarten habe ich im digitalen Zeitalter schon lange keine mehr. Zudem hatte ich sie fr\u00fcher auch nie dabei.<\/p>\r\n\r\n\r\n\r\n<p>Mit dem Aufkommen des <a href=\"https:\/\/mw9.ch\/qr\/\" data-type=\"page\" data-id=\"108\">QR Code<\/a> und der M\u00f6glichkeit, dass man mit einem Smartphone eine Fotografie eines QR Code erstellen kann, ist die Idee dieser Seite entstanden. Der QR Code beinhaltet alle Kontaktdaten.<\/p>\r\n\r\n\r\n\r\n<h2 class=\"wp-block-heading\">Verteilung der Kontaktdaten<\/h2>\r\n\r\n\r\n\r\n<p>Eigentlich w\u00fcrde ich gerne eine Domain mw.ch haben. Aber ein Domainname muss leider aus mindestens 3 Buchstaben bestehen. So ist https:\/\/mw9.ch entstanden.<\/p>\r\n\r\n\r\n\r\n<p>Wenn ich heute jemanden meine Visitenkarte geben sollte, dann kann ich einfach sagen <strong>m w 9 punkt ch<\/strong>, das kann sich jeder merken, denn meine Initialen sind MW, also Markus Winter.<\/p>\r\n\r\n\r\n\r\n<h2 class=\"wp-block-heading\">Und dann noch&#8230;<\/h2>\r\n\r\n\r\n\r\n<p>Die Seite wandelt sich immer weiter. Am Anfang, im Februar 2022 habe ich die Seite erstmals am WordCamp in Porto eingesetzt. Da waren es 3 Dateien, Home, QR und Adresse.<br \/>Dann habe ich die Seite auch f\u00fcr Social Media Werbung eingesetzt. Der kurze Link plus ein Stichwort f\u00fchrte zum gew\u00fcnschten Ziel.<br \/>Heute ist der <a href=\"https:\/\/mw9.ch\/inhalt\/\" data-type=\"URL\" data-id=\"inhalt\">Inhalt<\/a> gewachsen und auch vom Design spannender als im Februar geworden.<\/p>\r\n\r\n\r\n\r\n<p>Grunds\u00e4tzlich bin ich Softwareentwickler. Befasse mich auch mit der Erstellung von Webseiten, zum Beispiel f\u00fcr den <a href=\"https:\/\/Jodlerklub-Gstaad.ch\" target=\"_blank\" rel=\"noreferrer noopener\">Jodlerklub Gstaad<\/a> oder f\u00fcr <a href=\"https:\/\/Faszination-Eisenbahn.ch\" target=\"_blank\" rel=\"noreferrer noopener\">Faszination-Eisenbahn.ch<\/a>.<\/p>\r\n\r\n\r\n\r\n<p>In einer Pause trinke ich gerne einen <a href=\"https:\/\/mw9.ch\/kaffee\/\" data-type=\"page\" data-id=\"421\">Kaffee<\/a>. Kommen Sie mit, zum gemeinsamen Kaffee trinken?<\/p>\r\n","protected":false},"excerpt":{"rendered":"<p>Bedeutung der Namensgebung Die Seite mw9.ch l\u00e4sst sich gut merken: Markus Winter 9 aus der Schweiz. Die Ziffer 9 k\u00f6nnte auch 99 sein. Nicht ganz 100&#8230;. \ud83d\ude09 Entstehungsgeschichte Immer wieder treffe ich Menschen und w\u00fcrde gerne meine Kontaktdaten austauschen. Doch Visienkarten habe ich im digitalen Zeitalter schon lange keine mehr. Zudem hatte ich sie fr\u00fcher [&hellip;]<\/p>\n","protected":false},"author":1,"featured_media":0,"parent":0,"menu_order":0,"comment_status":"closed","ping_status":"closed","template":"page-with-sidebar","meta":{"footnotes":""},"class_list":["post-99","page","type-page","status-publish","hentry"],"_links":{"self":[{"href":"https:\/\/mw99.revier.ch\/index.php\/wp-json\/wp\/v2\/pages\/99","targetHints":{"allow":["GET"]}}],"collection":[{"href":"https:\/\/mw99.revier.ch\/index.php\/wp-json\/wp\/v2\/pages"}],"about":[{"href":"https:\/\/mw99.revier.ch\/index.php\/wp-json\/wp\/v2\/types\/page"}],"author":[{"embeddable":true,"href":"https:\/\/mw99.revier.ch\/index.php\/wp-json\/wp\/v2\/users\/1"}],"replies":[{"embeddable":true,"href":"https:\/\/mw99.revier.ch\/index.php\/wp-json\/wp\/v2\/comments?post=99"}],"version-history":[{"count":1,"href":"https:\/\/mw99.revier.ch\/index.php\/wp-json\/wp\/v2\/pages\/99\/revisions"}],"predecessor-version":[{"id":1634,"href":"https:\/\/mw99.revier.ch\/index.php\/wp-json\/wp\/v2\/pages\/99\/revisions\/1634"}],"wp:attachment":[{"href":"https:\/\/mw99.revier.ch\/index.php\/wp-json\/wp\/v2\/media?parent=99"}],"curies":[{"name":"wp","href":"https:\/\/api.w.org\/{rel}","templated":true}]}}