{"id":813,"date":"2022-12-16T18:11:56","date_gmt":"2022-12-16T18:11:56","guid":{"rendered":"https:\/\/mw9.ch\/?page_id=813"},"modified":"2022-12-16T18:11:56","modified_gmt":"2022-12-16T18:11:56","slug":"auslagerung-der-it","status":"publish","type":"page","link":"https:\/\/mw99.revier.ch\/index.php\/it\/auslagerung-der-it\/","title":{"rendered":"Auslagerung der IT"},"content":{"rendered":"\n<p>Seit Jahren gibt es die M\u00f6glichkeit, die IT aus dem eigenen Haus zu verbannen und die ausw\u00e4rts betreiben zu lassen. Viele IT Firmen bieten heute die Betreuung von ausgelagerten IT Infrastrukturen an. F\u00fcr die Auslagerung gibt es mehrere M\u00f6glichkeiten.<\/p>\n\n\n\n<p>Gerne pr\u00e4sentiere ich Ihnen verschiedene M\u00f6glichkeiten, wie Sie Ihre eigene IT auslagern und sich somit von den IT-Problemen befreien.<\/p>\n\n\n\n<p>Wenn Sie sich f\u00fcr eine Auslagerung entschieden haben, kann ich Sie bei der Durchf\u00fchrung der Auslagerung gerne unterst\u00fctzen. Ganz unabh\u00e4ngig, bei welchem Anbieter Sie Ihren CloudSpeicher verwenden m\u00f6chten.<\/p>\n","protected":false},"excerpt":{"rendered":"<p>Seit Jahren gibt es die M\u00f6glichkeit, die IT aus dem eigenen Haus zu verbannen und die ausw\u00e4rts betreiben zu lassen. Viele IT Firmen bieten heute die Betreuung von ausgelagerten IT Infrastrukturen an. F\u00fcr die Auslagerung gibt es mehrere M\u00f6glichkeiten. Gerne pr\u00e4sentiere ich Ihnen verschiedene M\u00f6glichkeiten, wie Sie Ihre eigene IT auslagern und sich somit von [&hellip;]<\/p>\n","protected":false},"author":1,"featured_media":0,"parent":482,"menu_order":0,"comment_status":"closed","ping_status":"closed","template":"","meta":{"footnotes":""},"class_list":["post-813","page","type-page","status-publish","hentry"],"_links":{"self":[{"href":"https:\/\/mw99.revier.ch\/index.php\/wp-json\/wp\/v2\/pages\/813","targetHints":{"allow":["GET"]}}],"collection":[{"href":"https:\/\/mw99.revier.ch\/index.php\/wp-json\/wp\/v2\/pages"}],"about":[{"href":"https:\/\/mw99.revier.ch\/index.php\/wp-json\/wp\/v2\/types\/page"}],"author":[{"embeddable":true,"href":"https:\/\/mw99.revier.ch\/index.php\/wp-json\/wp\/v2\/users\/1"}],"replies":[{"embeddable":true,"href":"https:\/\/mw99.revier.ch\/index.php\/wp-json\/wp\/v2\/comments?post=813"}],"version-history":[{"count":0,"href":"https:\/\/mw99.revier.ch\/index.php\/wp-json\/wp\/v2\/pages\/813\/revisions"}],"up":[{"embeddable":true,"href":"https:\/\/mw99.revier.ch\/index.php\/wp-json\/wp\/v2\/pages\/482"}],"wp:attachment":[{"href":"https:\/\/mw99.revier.ch\/index.php\/wp-json\/wp\/v2\/media?parent=813"}],"curies":[{"name":"wp","href":"https:\/\/api.w.org\/{rel}","templated":true}]}}