{"id":482,"date":"2022-10-04T05:06:43","date_gmt":"2022-10-04T05:06:43","guid":{"rendered":"https:\/\/mw9.ch\/?page_id=482"},"modified":"2024-06-15T14:21:46","modified_gmt":"2024-06-15T14:21:46","slug":"it","status":"publish","type":"page","link":"https:\/\/mw99.revier.ch\/index.php\/it\/","title":{"rendered":"IT"},"content":{"rendered":"\r\n<h2 class=\"wp-block-heading\">Informatik Technologie<\/h2>\r\n\r\n\r\n\r\n<p>Fast jeder hat einen Computer zu Hause. Und viele Computerbesitzer \u00e4rgern sich, \u00fcber irgendwelche Probleme, welche sie mit den Computern haben. Sei dies in der Bedienung der Programme oder in der Einrichtung, der Installation von Programmen. Auch der Anschluss eines Druckers kann Probleme geben. Und wenn die Internetverbindung nicht funktioniert, dann ist eh nichts mehr m\u00f6glich.<\/p>\r\n\r\n\r\n\r\n<h2 class=\"wp-block-heading\">Meine Beratung f\u00fcr Ihre IT Auslagerung<\/h2>\r\n\r\n\r\n\r\n<p>Ob Sie die <a href=\"https:\/\/mw9.ch\/it\/datensicherung\/\" data-type=\"page\" data-id=\"815\">Datensicherung<\/a> auf ihre eigenen Medien \u00fcbertragen oder einen Anbieter in einer Cloud einsetzen, gerne berate ich Sie f\u00fcr eine auf Ihre Bed\u00fcrfnisse zugeschnittene L\u00f6sung der Datensicherung und f\u00fcr die <a href=\"https:\/\/mw9.ch\/it\/auslagerung-der-it\/\" data-type=\"page\" data-id=\"813\">Auslagerung<\/a>. Und besonders wichtig f\u00fcr die Datensicherung, ich erstelle mit Ihnen zusammen einen Kontrollmechanismus f\u00fcr die Wiederherstellung der Datensicherung&#8230;<\/p>\r\n","protected":false},"excerpt":{"rendered":"<p>Informatik Technologie Fast jeder hat einen Computer zu Hause. Und viele Computerbesitzer \u00e4rgern sich, \u00fcber irgendwelche Probleme, welche sie mit den Computern haben. Sei dies in der Bedienung der Programme oder in der Einrichtung, der Installation von Programmen. Auch der Anschluss eines Druckers kann Probleme geben. Und wenn die Internetverbindung nicht funktioniert, dann ist eh [&hellip;]<\/p>\n","protected":false},"author":1,"featured_media":0,"parent":0,"menu_order":0,"comment_status":"closed","ping_status":"closed","template":"page-with-sidebar","meta":{"footnotes":""},"class_list":["post-482","page","type-page","status-publish","hentry"],"_links":{"self":[{"href":"https:\/\/mw99.revier.ch\/index.php\/wp-json\/wp\/v2\/pages\/482","targetHints":{"allow":["GET"]}}],"collection":[{"href":"https:\/\/mw99.revier.ch\/index.php\/wp-json\/wp\/v2\/pages"}],"about":[{"href":"https:\/\/mw99.revier.ch\/index.php\/wp-json\/wp\/v2\/types\/page"}],"author":[{"embeddable":true,"href":"https:\/\/mw99.revier.ch\/index.php\/wp-json\/wp\/v2\/users\/1"}],"replies":[{"embeddable":true,"href":"https:\/\/mw99.revier.ch\/index.php\/wp-json\/wp\/v2\/comments?post=482"}],"version-history":[{"count":1,"href":"https:\/\/mw99.revier.ch\/index.php\/wp-json\/wp\/v2\/pages\/482\/revisions"}],"predecessor-version":[{"id":1632,"href":"https:\/\/mw99.revier.ch\/index.php\/wp-json\/wp\/v2\/pages\/482\/revisions\/1632"}],"wp:attachment":[{"href":"https:\/\/mw99.revier.ch\/index.php\/wp-json\/wp\/v2\/media?parent=482"}],"curies":[{"name":"wp","href":"https:\/\/api.w.org\/{rel}","templated":true}]}}