{"id":1655,"date":"2024-06-16T17:12:43","date_gmt":"2024-06-16T17:12:43","guid":{"rendered":"https:\/\/mw99.revier.ch\/?page_id=1655"},"modified":"2024-06-16T17:23:07","modified_gmt":"2024-06-16T17:23:07","slug":"der-rico-start","status":"publish","type":"page","link":"https:\/\/mw99.revier.ch\/","title":{"rendered":"myhome"},"content":{"rendered":"\n<div class=\"wp-block-columns is-layout-flex wp-container-core-columns-is-layout-28f84493 wp-block-columns-is-layout-flex\">\n<div class=\"wp-block-column is-layout-flow wp-block-column-is-layout-flow\">\n<div class=\"wp-block-group clsA has-global-padding is-layout-constrained wp-block-group-is-layout-constrained\" style=\"border-width:2px;border-radius:15px\">\n<h2 class=\"wp-block-heading\"><a href=\"https:\/\/mw9.ch\/access\/\">MS Access<\/a><\/h2>\n\n\n\n<figure class=\"wp-block-image alignleft size-full is-resized\"><img decoding=\"async\" src=\"https:\/\/mw9.ch\/wp-content\/uploads\/2022\/08\/access_Logo.jpg\" alt=\"\" class=\"wp-image-238\" style=\"width:254px;height:152px\"\/><\/figure>\n\n\n\n<p>Tabellen, Abfragen, Formulare, Berichte, Module in Access.<\/p>\n\n\n\n<p><a href=\"https:\/\/mw9.ch\/access\/access-support\/\" data-type=\"page\" data-id=\"1189\">Support<\/a> &#8211; <a href=\"https:\/\/mw9.ch\/vba\/\">VBA<\/a> &#8211; <a href=\"https:\/\/mw9.ch\/access\/access-datenbank-erstellen\/\" data-type=\"page\" data-id=\"1194\">Erstellung<\/a><\/p>\n<\/div>\n<\/div>\n\n\n\n<div class=\"wp-block-column is-layout-flow wp-block-column-is-layout-flow\">\n<div class=\"wp-block-group clsB has-global-padding is-layout-constrained wp-block-group-is-layout-constrained\" style=\"border-width:2px;border-radius:15px\">\n<h2 class=\"wp-block-heading\"><a href=\"https:\/\/mw9.ch\/excel\/\">MS Excel<\/a><\/h2>\n\n\n\n<figure class=\"wp-block-image alignright size-full is-resized\"><img decoding=\"async\" src=\"https:\/\/mw9.ch\/wp-content\/uploads\/2022\/08\/Excel-Logo.jpg\" alt=\"\" class=\"wp-image-236\" style=\"width:254px;height:191px\"\/><\/figure>\n\n\n\n<p>Daten eingeben, Formeln, Funktionen, Diagramme,<\/p>\n\n\n\n<p><a href=\"https:\/\/mw9.ch\/excel\/excel-support-schulung\/\" data-type=\"page\" data-id=\"1197\">Support<\/a> &#8211; <a href=\"https:\/\/mw9.ch\/vba\/\">VBA<\/a><\/p>\n<\/div>\n<\/div>\n\n\n\n<div class=\"wp-block-column is-layout-flow wp-block-column-is-layout-flow\">\n<div class=\"wp-block-group clsA has-global-padding is-layout-constrained wp-block-group-is-layout-constrained\">\n<h2 class=\"wp-block-heading\"><a href=\"https:\/\/mw9.ch\/cao\/\" data-type=\"page\" data-id=\"1062\">CAO Faktura<\/a><\/h2>\n\n\n\n<p>Preiswertes Handelspaket zum Schreiben von Offerten, Rechnungen und Kontrolle des Zahlungswesen.<\/p>\n\n\n\n<p><a href=\"https:\/\/mw9.ch\/cao\/cao-faktura-support\/\" data-type=\"page\" data-id=\"1202\">Support<\/a> &#8211; <a href=\"https:\/\/mw9.ch\/cao\/cao-faktura-installation-einrichtung\/\" data-type=\"page\" data-id=\"1205\">Einrichtung<\/a><\/p>\n<\/div>\n<\/div>\n<\/div>\n\n\n\n<div class=\"wp-block-columns is-layout-flex wp-container-core-columns-is-layout-28f84493 wp-block-columns-is-layout-flex\">\n<div class=\"wp-block-column is-layout-flow wp-block-column-is-layout-flow\">\n<div class=\"wp-block-group clsB has-global-padding is-layout-constrained wp-block-group-is-layout-constrained\">\n<h2 class=\"wp-block-heading\"><a href=\"https:\/\/mw9.ch\/wp\/\">WordPress<\/a><\/h2>\n\n\n\n<figure class=\"wp-block-image alignright size-full is-resized\"><img decoding=\"async\" src=\"https:\/\/mw9.ch\/wp-content\/uploads\/2022\/10\/wordpress-logo-Aha.jpg\" alt=\"\" class=\"wp-image-400\" style=\"width:246px;height:234px\"\/><\/figure>\n\n\n\n<p>Webseiten erstellen, Anpassen, Suchmaschinenoptimierung <a href=\"https:\/\/mw9.ch\/category\/meetup\/\">MeetUps<\/a>.<\/p>\n<\/div>\n<\/div>\n\n\n\n<div class=\"wp-block-column clsA is-layout-flow wp-block-column-is-layout-flow\">\n<h2 class=\"wp-block-heading\"><a href=\"https:\/\/mw9.ch\/seo\/\" data-type=\"page\" data-id=\"253\">SEO<\/a><\/h2>\n\n\n\n<p>Suchmaschinenoptimierung verbessertes Ranking, Bessre Darstellung durch Snieplets.<\/p>\n\n\n\n<figure class=\"wp-block-image size-full\"><img decoding=\"async\" src=\"https:\/\/mw9.ch\/wp-content\/uploads\/2022\/08\/SEO-Suchmaschinenoptimierung.jpg\" alt=\"Mit SEO erreichen Sie ein besseres Ranking in den Suchmaschinen.\" class=\"wp-image-270\"\/><\/figure>\n<\/div>\n\n\n\n<div class=\"wp-block-column clsB is-layout-flow wp-block-column-is-layout-flow\">\n<h2 class=\"wp-block-heading\"><a href=\"https:\/\/mw9.ch\/it\/websprachen\/\" data-type=\"page\" data-id=\"1059\">WebSprachen<\/a><\/h2>\n\n\n\n<p>HTML CSS JavaScript PHP MySQL<\/p>\n<\/div>\n<\/div>\n\n\n\n<div class=\"wp-block-columns is-layout-flex wp-container-core-columns-is-layout-28f84493 wp-block-columns-is-layout-flex\">\n<div class=\"wp-block-column clsA is-layout-flow wp-block-column-is-layout-flow\">\n<h2 class=\"wp-block-heading\">WinAutomat<\/h2>\n\n\n\n<p><a href=\"https:\/\/mw9.ch\/it\/windows-automatisierung\/\" data-type=\"page\" data-id=\"1040\">Windows Automatisierung<\/a><\/p>\n<\/div>\n\n\n\n<div class=\"wp-block-column clsB is-layout-flow wp-block-column-is-layout-flow\">\n<h2 class=\"wp-block-heading\">AppAutomat<\/h2>\n\n\n\n<p><a href=\"https:\/\/mw9.ch\/it\/anwendungsautomatisierung\/\" data-type=\"page\" data-id=\"1042\">Applikationsautomatisierung<\/a><\/p>\n<\/div>\n\n\n\n<div class=\"wp-block-column clsA is-layout-flow wp-block-column-is-layout-flow\">\n<h2 class=\"wp-block-heading\">Ideengenerator<\/h2>\n\n\n\n<p>Sie brauchen eine Idee? Meine Phatasie ist grenzenlos<\/p>\n<\/div>\n<\/div>\n\n\n\n<div class=\"wp-block-columns is-layout-flex wp-container-core-columns-is-layout-28f84493 wp-block-columns-is-layout-flex\">\n<div class=\"wp-block-column clsB is-layout-flow wp-block-column-is-layout-flow\">\n<h2 class=\"wp-block-heading\">IT<\/h2>\n\n\n\n<p><a href=\"https:\/\/mw9.ch\/it\/auslagerung-der-it\/\" data-type=\"page\" data-id=\"813\">Auslagerung<\/a>, <a href=\"https:\/\/mw9.ch\/it\/datensicherung\/\" data-type=\"page\" data-id=\"815\">Datensicherung<\/a>, Automatisierung<\/p>\n<\/div>\n\n\n\n<div class=\"wp-block-column clsA is-layout-flow wp-block-column-is-layout-flow\">\n<h2 class=\"wp-block-heading\">Texter<\/h2>\n\n\n\n<p>Zielgerichtete Texte f\u00fcr Ihre Webseite.<\/p>\n<\/div>\n\n\n\n<div class=\"wp-block-column clsB is-layout-flow wp-block-column-is-layout-flow\">\n<h2 class=\"wp-block-heading\">Speaker<\/h2>\n\n\n\n<p>Sprecher f\u00fcr Ihre Anl\u00e4sse, Pr\u00e4sentationen, Ausstellungen und mehr.<\/p>\n<\/div>\n<\/div>\n\n\n\n<p><a href=\"https:\/\/mw9.ch\/mw9kontaktieren\/\" data-type=\"page\" data-id=\"225\">Kontaktieren Sie mich<\/a> unverbindlich<\/p>\n","protected":false},"excerpt":{"rendered":"<p>MS Access Tabellen, Abfragen, Formulare, Berichte, Module in Access. Support &#8211; VBA &#8211; Erstellung MS Excel Daten eingeben, Formeln, Funktionen, Diagramme, Support &#8211; VBA CAO Faktura Preiswertes Handelspaket zum Schreiben von Offerten, Rechnungen und Kontrolle des Zahlungswesen. Support &#8211; Einrichtung WordPress Webseiten erstellen, Anpassen, Suchmaschinenoptimierung MeetUps. SEO Suchmaschinenoptimierung verbessertes Ranking, Bessre Darstellung durch Snieplets. WebSprachen [&hellip;]<\/p>\n","protected":false},"author":2,"featured_media":0,"parent":0,"menu_order":0,"comment_status":"closed","ping_status":"closed","template":"","meta":{"footnotes":""},"class_list":["post-1655","page","type-page","status-publish","hentry"],"_links":{"self":[{"href":"https:\/\/mw99.revier.ch\/index.php\/wp-json\/wp\/v2\/pages\/1655","targetHints":{"allow":["GET"]}}],"collection":[{"href":"https:\/\/mw99.revier.ch\/index.php\/wp-json\/wp\/v2\/pages"}],"about":[{"href":"https:\/\/mw99.revier.ch\/index.php\/wp-json\/wp\/v2\/types\/page"}],"author":[{"embeddable":true,"href":"https:\/\/mw99.revier.ch\/index.php\/wp-json\/wp\/v2\/users\/2"}],"replies":[{"embeddable":true,"href":"https:\/\/mw99.revier.ch\/index.php\/wp-json\/wp\/v2\/comments?post=1655"}],"version-history":[{"count":5,"href":"https:\/\/mw99.revier.ch\/index.php\/wp-json\/wp\/v2\/pages\/1655\/revisions"}],"predecessor-version":[{"id":1662,"href":"https:\/\/mw99.revier.ch\/index.php\/wp-json\/wp\/v2\/pages\/1655\/revisions\/1662"}],"wp:attachment":[{"href":"https:\/\/mw99.revier.ch\/index.php\/wp-json\/wp\/v2\/media?parent=1655"}],"curies":[{"name":"wp","href":"https:\/\/api.w.org\/{rel}","templated":true}]}}