{"id":1562,"date":"2024-06-13T12:10:29","date_gmt":"2024-06-13T12:10:29","guid":{"rendered":"https:\/\/mw9.ch\/?page_id=1562"},"modified":"2024-06-13T12:10:29","modified_gmt":"2024-06-13T12:10:29","slug":"wordpress","status":"publish","type":"page","link":"https:\/\/mw99.revier.ch\/index.php\/wordpress\/","title":{"rendered":"WordPress"},"content":{"rendered":"\n<h2 class=\"wp-block-heading\">WordPress Organisation und sein Umfeld<\/h2>\n\n\n\n<p>Der Aufbau der Organisation des CMS WordPress. Ausf\u00fchrliche Informationen von:<\/p>\n\n\n\n<figure class=\"wp-block-image alignright size-medium\"><img decoding=\"async\" src=\"https:\/\/mw9.ch\/wp-content\/uploads\/2022\/10\/wordpress-logo-Aha-300x285.jpg\" alt=\"\" class=\"wp-image-400\"\/><\/figure>\n\n\n\n<p><a href=\"https:\/\/markus-winter.ch\/wordpress-was-ist-das\/wordpress-foundation\/\">Fondation<\/a>, gemeinn\u00fctzige Organisation, die von Matt Mullenweg gegr\u00fcndet wurde. Sitz in San Francisco.<\/p>\n\n\n\n<p>Unterschied WordPress.org und WordPress.com<\/p>\n\n\n\n<p><a href=\"https:\/\/markus-winter.ch\/wordpress-was-ist-das\/wordcamp\/\">WordCamp<\/a>, in der Regel mehrt\u00e4giger Anlass.<\/p>\n\n\n\n<p><a href=\"https:\/\/markus-winter.ch\/wordpress-was-ist-das\/wordpress-meetup\/\" target=\"_blank\" rel=\"noreferrer noopener\">MeetUp<\/a>, Mehrst\u00fcndiger Anlass. Je nach Organisator pers\u00f6nlich oder online oder hybrid. <br>Zum Beispiel <a href=\"https:\/\/www.meetup.com\/wp-meetup-ticino-mobile\/\" target=\"_blank\" rel=\"noreferrer noopener\">https:\/\/www.meetup.com\/wp-meetup-ticino-mobile\/<\/a> ein Schweizer Schweizer MeetUp in hybrider Form.<\/p>\n\n\n\n<h2 class=\"wp-block-heading\">EntwicklerGruppen<\/h2>\n\n\n\n<p>WordPress wird in verschiedenen Gruppen entwickelt<\/p>\n\n\n\n<ul class=\"wp-block-list\">\n<li>Core Team<\/li>\n\n\n\n<li>Support Team<\/li>\n\n\n\n<li>Support Team<\/li>\n\n\n\n<li>Mobile Team<\/li>\n\n\n\n<li>Plugin Team<\/li>\n\n\n\n<li>UX and Design Team<\/li>\n\n\n\n<li>Documentation Team<\/li>\n<\/ul>\n\n\n\n<p>Details, wie die Organisation WordPress genau aussieht, finden Sie unter <a href=\"https:\/\/markus-winter.ch\/wordpress-was-ist-das\/\" target=\"_blank\" rel=\"noreferrer noopener\">https:\/\/markus-winter.ch\/wordpress-was-ist-das\/<\/a><\/p>\n\n\n\n<h2 class=\"wp-block-heading\">Meine Rolle in WordPress<\/h2>\n\n\n\n<p>Mit WordPress produziere ich seit Sommer 2018 Webseiten. Angefangen hat es, als ich die Webseite, welche ich mit dem WebEditor Frontpage von Microsoft abl\u00f6sen musste. Damals standen die Systeme Drupal, Typo3 und eben WordPress zur Auswahl. WordPress hatte mich am meisten \u00fcberzeugt. Typo 3 konnte wohl mehr, war jedoch sehr viel komplexer zu bedienen. Drupal war in den USA sehr weit verbreitet, es war jedoch nicht so einfach Informationen zu finden wie dies bei WordPress der Fall war.<\/p>\n\n\n\n<p>Per Zufall lernte ich das WP MeeUp Bern kennen. Es faszinierte mich und im November 2018 hatte ich den vermutlich ersten OnlineVortrag, WP Meetup in Bern gehalten.<br>Heute bin ich selbst Gr\u00fcnder des WP MeetUp Ticino mobile und organisiere regelm\u00e4ssige Hybrid Treffen.<\/p>\n\n\n\n<p>In Insiderkreisen gelte ich als WordCamp Junkie, weil ich an vielen WordCamps anzutreffen bin. Sei dies als Speaker (WordCamp Schweiz 2023) oder als Volontair (WordCamp Vienna 2024) oder als Besucher in Porto 2022, Athen 2023 und Turin 2024.<\/p>\n","protected":false},"excerpt":{"rendered":"<p>WordPress Organisation und sein Umfeld Der Aufbau der Organisation des CMS WordPress. Ausf\u00fchrliche Informationen von: Fondation, gemeinn\u00fctzige Organisation, die von Matt Mullenweg gegr\u00fcndet wurde. Sitz in San Francisco. Unterschied WordPress.org und WordPress.com WordCamp, in der Regel mehrt\u00e4giger Anlass. MeetUp, Mehrst\u00fcndiger Anlass. Je nach Organisator pers\u00f6nlich oder online oder hybrid. Zum Beispiel https:\/\/www.meetup.com\/wp-meetup-ticino-mobile\/ ein Schweizer Schweizer [&hellip;]<\/p>\n","protected":false},"author":1,"featured_media":0,"parent":0,"menu_order":0,"comment_status":"closed","ping_status":"closed","template":"","meta":{"footnotes":""},"class_list":["post-1562","page","type-page","status-publish","hentry"],"_links":{"self":[{"href":"https:\/\/mw99.revier.ch\/index.php\/wp-json\/wp\/v2\/pages\/1562","targetHints":{"allow":["GET"]}}],"collection":[{"href":"https:\/\/mw99.revier.ch\/index.php\/wp-json\/wp\/v2\/pages"}],"about":[{"href":"https:\/\/mw99.revier.ch\/index.php\/wp-json\/wp\/v2\/types\/page"}],"author":[{"embeddable":true,"href":"https:\/\/mw99.revier.ch\/index.php\/wp-json\/wp\/v2\/users\/1"}],"replies":[{"embeddable":true,"href":"https:\/\/mw99.revier.ch\/index.php\/wp-json\/wp\/v2\/comments?post=1562"}],"version-history":[{"count":0,"href":"https:\/\/mw99.revier.ch\/index.php\/wp-json\/wp\/v2\/pages\/1562\/revisions"}],"wp:attachment":[{"href":"https:\/\/mw99.revier.ch\/index.php\/wp-json\/wp\/v2\/media?parent=1562"}],"curies":[{"name":"wp","href":"https:\/\/api.w.org\/{rel}","templated":true}]}}