{"id":1500,"date":"2024-06-02T16:18:09","date_gmt":"2024-06-02T16:18:09","guid":{"rendered":"https:\/\/mw9.ch\/?page_id=1500"},"modified":"2024-06-15T12:11:43","modified_gmt":"2024-06-15T12:11:43","slug":"apero","status":"publish","type":"page","link":"https:\/\/mw99.revier.ch\/index.php\/apero\/","title":{"rendered":"Apero"},"content":{"rendered":"\r\n<h2 class=\"wp-block-heading\">Der Feierabend naht<\/h2>\r\n\r\n\r\n\r\n<p>Nach einem langen Arbeitstag bist Du geschafft und m\u00f6chtest gerne die Work Live Balance aufrecht erhalten. Was liegt n\u00e4her als ein gutes Ap\u00e9ro um den Abend einzustimmen?<\/p>\r\n\r\n\r\n\r\n<p>Es gibt viele Baar&#8217;s welche ein gutes Apero anbieten. Hier gehe ich auf die mir bekannten Baar&#8217;s im Tessin ein, in welchen ich gute erfahrungen gemacht habe. <br \/>Wie zum Beispiel das AgriDaMe in Lodrino.<\/p>\r\n\r\n\r\n\r\n<p>[ngg src=&#8220;tags&#8220; ids=&#8220;AgriDaMeLogo,AgriDaMeApero&#8220; display=&#8220;basic_thumbnail&#8220; thumbnail_crop=&#8220;0&#8243;]<\/p>\r\n","protected":false},"excerpt":{"rendered":"<p>Der Feierabend naht Nach einem langen Arbeitstag bist Du geschafft und m\u00f6chtest gerne die Work Live Balance aufrecht erhalten. Was liegt n\u00e4her als ein gutes Ap\u00e9ro um den Abend einzustimmen? Es gibt viele Baar&#8217;s welche ein gutes Apero anbieten. Hier gehe ich auf die mir bekannten Baar&#8217;s im Tessin ein, in welchen ich gute erfahrungen [&hellip;]<\/p>\n","protected":false},"author":1,"featured_media":0,"parent":0,"menu_order":0,"comment_status":"closed","ping_status":"closed","template":"page-with-sidebar","meta":{"footnotes":""},"class_list":["post-1500","page","type-page","status-publish","hentry"],"_links":{"self":[{"href":"https:\/\/mw99.revier.ch\/index.php\/wp-json\/wp\/v2\/pages\/1500","targetHints":{"allow":["GET"]}}],"collection":[{"href":"https:\/\/mw99.revier.ch\/index.php\/wp-json\/wp\/v2\/pages"}],"about":[{"href":"https:\/\/mw99.revier.ch\/index.php\/wp-json\/wp\/v2\/types\/page"}],"author":[{"embeddable":true,"href":"https:\/\/mw99.revier.ch\/index.php\/wp-json\/wp\/v2\/users\/1"}],"replies":[{"embeddable":true,"href":"https:\/\/mw99.revier.ch\/index.php\/wp-json\/wp\/v2\/comments?post=1500"}],"version-history":[{"count":1,"href":"https:\/\/mw99.revier.ch\/index.php\/wp-json\/wp\/v2\/pages\/1500\/revisions"}],"predecessor-version":[{"id":1622,"href":"https:\/\/mw99.revier.ch\/index.php\/wp-json\/wp\/v2\/pages\/1500\/revisions\/1622"}],"wp:attachment":[{"href":"https:\/\/mw99.revier.ch\/index.php\/wp-json\/wp\/v2\/media?parent=1500"}],"curies":[{"name":"wp","href":"https:\/\/api.w.org\/{rel}","templated":true}]}}