{"id":1448,"date":"2024-05-02T07:22:04","date_gmt":"2024-05-02T07:22:04","guid":{"rendered":"https:\/\/mw9.ch\/?page_id=1448"},"modified":"2024-05-02T07:22:04","modified_gmt":"2024-05-02T07:22:04","slug":"ki","status":"publish","type":"page","link":"https:\/\/mw99.revier.ch\/index.php\/ki\/","title":{"rendered":"ki"},"content":{"rendered":"\n<h2 class=\"wp-block-heading\">was bewirkt die KI<\/h2>\n\n\n\n<p>Alle sprechen Sie im Moment von der k\u00fcnstlichen Intelligenz. Und jede Firma will noch mehr Geld verdienen mit der KI. Doch wovon sprechen wir wenn wir von &#8222;der&#8220; KI sprechen? Gibt es nur eine KI? Und ist mit der KI Chat.gpt gemeint?<\/p>\n\n\n\n<p>Wird die k\u00fcnstliche Intelligenz die nat\u00fcrliche Dummheit verdr\u00e4ngen?<\/p>\n\n\n\n<p>Fragen \u00fcber Fragen zum aktuellen Hype der KI.<\/p>\n\n\n\n<p>Auf meiner Seite \u00fcber <a href=\"https:\/\/markus-winter.ch\/dienstleistungen\/suchmaschinenoptimierung-seo\/chatgpt-statt-google-suche\/ki-kuenstliche-intelligenz\/\" target=\"_blank\" rel=\"noreferrer noopener\">KI K\u00fcnstliche Intelligenz<\/a> behandle ich verschiedene Aspekte zu der Intelligenz aus der Retorte. Auch sind verschiedene Links zu k\u00fcnstlichen Text und Bildgeneratoren vorhanden.<\/p>\n\n\n\n<h2 class=\"wp-block-heading\">Ist die KI gef\u00e4hrlich?<\/h2>\n\n\n\n<p>Ich pers\u00f6nlich sage ja. Ja, die KI ist gef\u00e4hrlich. Denn seit vielen Jahren ist es f\u00fcr den einfachen Menschen nicht mehr m\u00f6glich, Wahrheit von F\u00e4lschungen zu unterscheiden. Die KI produziert Aussagen und Bilder welche publiziert werden und keinen Hinweis auf F\u00e4lschung aufweisen. Man kann keiner Publikation mehr Glauben schenken. Und genau das ist gef\u00e4hrlich. Und da die KI jetzt auch zu programmieren beginnt, ist es nicht auszuschliessen, dass zwei unterschiedliche KI&#8217;s sich einen Wettbewerb leisten, wer besser programmieren kann. Und dies v\u00f6llig ohne Eingriff durch einen Vertreter der nat\u00fcrlichen Dummheit, des Menschen. Oder mit anderen Worten: die KI ist ausser Rand und Band.<\/p>\n\n\n\n<h2 class=\"wp-block-heading\">Der Untergang der Menschheit<\/h2>\n\n\n\n<p>Bereits <a href=\"https:\/\/de.wikipedia.org\/wiki\/Joseph_Weizenbaum\" target=\"_blank\" rel=\"noreferrer noopener\">Joseph Weizenbaum<\/a> sagte aus, dass die Informatik der Untergang der Menschheit ist. Als ich das erstmals h\u00f6rte, dachte ich noch, dass dies ein schlechter Scherz w\u00e4re. Doch heute muss ich zugeben, ja, Joseph Weizenbaum hatte mit seiner Aussage durchaus recht. Wo man fr\u00fcher einer Tagesschau noch glauben schenken durfte, ist heute nichts mehr sicher. Nicht mal die Wetterfeh des Schweizer Fernsehen ist gefreit von k\u00fcnstlichen Angriffen. Und das Westschweizer Fernsehen hat schon <a href=\"https:\/\/www.aargauerzeitung.ch\/schweiz\/kuenstliche-intelligenz-diese-westschweizer-moderatorin-ist-kein-mensch-doch-niemand-hat-es-bemerkt-ld.2445502?reduced=true\" target=\"_blank\" rel=\"noreferrer noopener\">eine KI als Moderatorin f\u00fcr das Wetter<\/a>&#8230;<\/p>\n\n\n\n<h2 class=\"wp-block-heading\">Niki Lauda und die KI?<\/h2>\n\n\n\n<p>Was hat Niki Lauda mit der KI zu tun? Programmiert m\u00f6glicherweise Niki selbst an einer KI herum?<\/p>\n\n\n\n<p>Nein, des R\u00e4tsels L\u00f6sung ist viel einfacher. Niki&#8230; lassen wir zwei Buchstaben des Vornamens weg, so ist es ki. Tja, und das hat nichts mit Intelligenz zu tun. Obwohl dem erfolgreichen Niki Lauda eine Intelligenz zweifelslos nicht abzustreiten ist. Und auch wenn die Frage nach dem Sinn und Zweck der KI von der Intelligenz selbst mit Niki Lauda beantwortet wird so ist es dennoch nicht im Zusammenhang mit der gestellten Frage.<\/p>\n","protected":false},"excerpt":{"rendered":"<p>was bewirkt die KI Alle sprechen Sie im Moment von der k\u00fcnstlichen Intelligenz. Und jede Firma will noch mehr Geld verdienen mit der KI. Doch wovon sprechen wir wenn wir von &#8222;der&#8220; KI sprechen? Gibt es nur eine KI? Und ist mit der KI Chat.gpt gemeint? Wird die k\u00fcnstliche Intelligenz die nat\u00fcrliche Dummheit verdr\u00e4ngen? Fragen [&hellip;]<\/p>\n","protected":false},"author":1,"featured_media":0,"parent":0,"menu_order":0,"comment_status":"closed","ping_status":"closed","template":"","meta":{"footnotes":""},"class_list":["post-1448","page","type-page","status-publish","hentry"],"_links":{"self":[{"href":"https:\/\/mw99.revier.ch\/index.php\/wp-json\/wp\/v2\/pages\/1448","targetHints":{"allow":["GET"]}}],"collection":[{"href":"https:\/\/mw99.revier.ch\/index.php\/wp-json\/wp\/v2\/pages"}],"about":[{"href":"https:\/\/mw99.revier.ch\/index.php\/wp-json\/wp\/v2\/types\/page"}],"author":[{"embeddable":true,"href":"https:\/\/mw99.revier.ch\/index.php\/wp-json\/wp\/v2\/users\/1"}],"replies":[{"embeddable":true,"href":"https:\/\/mw99.revier.ch\/index.php\/wp-json\/wp\/v2\/comments?post=1448"}],"version-history":[{"count":0,"href":"https:\/\/mw99.revier.ch\/index.php\/wp-json\/wp\/v2\/pages\/1448\/revisions"}],"wp:attachment":[{"href":"https:\/\/mw99.revier.ch\/index.php\/wp-json\/wp\/v2\/media?parent=1448"}],"curies":[{"name":"wp","href":"https:\/\/api.w.org\/{rel}","templated":true}]}}