{"id":1411,"date":"2024-03-04T12:47:35","date_gmt":"2024-03-04T12:47:35","guid":{"rendered":"https:\/\/mw9.ch\/?page_id=1411"},"modified":"2024-03-04T12:47:35","modified_gmt":"2024-03-04T12:47:35","slug":"vba-vs-typescript","status":"publish","type":"page","link":"https:\/\/mw99.revier.ch\/index.php\/vba\/vba-vs-typescript\/","title":{"rendered":"vba vs typescript"},"content":{"rendered":"\n<h2 class=\"wp-block-heading\">VBA unter Windows<\/h2>\n\n\n\n<p>VBA hatte vor langer Zeit die Makrosprache in den MS Office Produkten abgel\u00f6st und ist heute f\u00fcr die Programmierung eine hervorragende Sprache.<\/p>\n\n\n\n<p>Doch VBA ben\u00f6tigt zwingend das Betriebssystem Windows f\u00fcr seine Lauff\u00e4higkeit.<\/p>\n\n\n\n<p>Dies ist bei den Office 365 Produkten, welche im Browser laufen, nicht gegeben. Sie arbeiten nicht nur innerhalb eines Browsers, sondern der Browser mit einem Office 365 Produkt kann auch unter einem nicht Windows Betriebssystem wie Linux oder iOS laufen.<\/p>\n\n\n\n<h2 class=\"wp-block-heading\">OfficeScript Betriebssystem unabh\u00e4ngig<\/h2>\n\n\n\n<p>Die von Microsoft entwickelte Programmiersprache OfficeScript ist unabh\u00e4ngig von Windows. Sie kann auch in einem Browser unter Linux arbeiten.<\/p>\n\n\n\n<p>Office Script ist von TypeScript abgeleitet und erfordert wesentlich mehr Erfahrung in der Softwareentwicklung als VBA.<\/p>\n\n\n\n<h2 class=\"wp-block-heading\">Unterschiede<\/h2>\n\n\n\n<p>VBA ist wesentlich einfacher zu programmieren als eine vergleichbareAnwendung in TypeScript. Daher lohnt es sich, den Einsatzbereich gut zu \u00fcberdenken und in die Zukunft zu schauen.<br>Die Entwicklung einer TypeScript-Funktion ist Zeitaufw\u00e4ndiger als VBA. Dies wirkt sich auf die Kosten aus.<\/p>\n\n\n\n<p>TypeScript kann nicht auf die Ordnerstruktur des Betriebssystems zugreifen. Denn es weiss ja nicht, ob es im Browser unter Windows, Linux oder iOS l\u00e4uft.<\/p>\n","protected":false},"excerpt":{"rendered":"<p>VBA unter Windows VBA hatte vor langer Zeit die Makrosprache in den MS Office Produkten abgel\u00f6st und ist heute f\u00fcr die Programmierung eine hervorragende Sprache. Doch VBA ben\u00f6tigt zwingend das Betriebssystem Windows f\u00fcr seine Lauff\u00e4higkeit. Dies ist bei den Office 365 Produkten, welche im Browser laufen, nicht gegeben. Sie arbeiten nicht nur innerhalb eines Browsers, [&hellip;]<\/p>\n","protected":false},"author":1,"featured_media":0,"parent":235,"menu_order":1,"comment_status":"closed","ping_status":"closed","template":"","meta":{"footnotes":""},"class_list":["post-1411","page","type-page","status-publish","hentry"],"_links":{"self":[{"href":"https:\/\/mw99.revier.ch\/index.php\/wp-json\/wp\/v2\/pages\/1411","targetHints":{"allow":["GET"]}}],"collection":[{"href":"https:\/\/mw99.revier.ch\/index.php\/wp-json\/wp\/v2\/pages"}],"about":[{"href":"https:\/\/mw99.revier.ch\/index.php\/wp-json\/wp\/v2\/types\/page"}],"author":[{"embeddable":true,"href":"https:\/\/mw99.revier.ch\/index.php\/wp-json\/wp\/v2\/users\/1"}],"replies":[{"embeddable":true,"href":"https:\/\/mw99.revier.ch\/index.php\/wp-json\/wp\/v2\/comments?post=1411"}],"version-history":[{"count":0,"href":"https:\/\/mw99.revier.ch\/index.php\/wp-json\/wp\/v2\/pages\/1411\/revisions"}],"up":[{"embeddable":true,"href":"https:\/\/mw99.revier.ch\/index.php\/wp-json\/wp\/v2\/pages\/235"}],"wp:attachment":[{"href":"https:\/\/mw99.revier.ch\/index.php\/wp-json\/wp\/v2\/media?parent=1411"}],"curies":[{"name":"wp","href":"https:\/\/api.w.org\/{rel}","templated":true}]}}