{"id":1258,"date":"2023-07-05T14:03:15","date_gmt":"2023-07-05T14:03:15","guid":{"rendered":"https:\/\/mw9.ch\/?page_id=1258"},"modified":"2023-07-05T14:03:15","modified_gmt":"2023-07-05T14:03:15","slug":"gratis-seo","status":"publish","type":"page","link":"https:\/\/mw99.revier.ch\/index.php\/gratis-seo\/","title":{"rendered":"Gratis SEO"},"content":{"rendered":"\n<h2 class=\"wp-block-heading\">SEO Informationen und Beratung gratis<\/h2>\n\n\n\n<p>Sie m\u00f6chten dass Ihre Webseite bei den Suchmaschinen besser gefunden wird? Und Sie haben nicht endlos Finanzen zur Verf\u00fcgung?<\/p>\n\n\n\n<p>Dann ist Gratis SEO eine M\u00f6glichkeit f\u00fcr Sie.<\/p>\n\n\n\n<h2 class=\"wp-block-heading\">Gratis SEO von SwissOptimize<\/h2>\n\n\n\n<p>Melden Sie sich bei <a rel=\"noreferrer noopener\" href=\"https:\/\/swissoptimize.markus-winter.ch\/gratis\/\" target=\"_blank\">https:\/\/swissoptimize.markus-winter.ch\/gratis\/<\/a> an und profitieren Sie von gratis SEO.<\/p>\n\n\n\n<h2 class=\"wp-block-heading\">Suchmaschinenoptimierung das ist vielschichtig<\/h2>\n\n\n\n<p>In den Suchmaschinenergebnissen (SERPS) an einer guten Stelle stehen h\u00e4ngt von vielen Faktoeren ab. SwissOptimize hilft Ihnen, die Ziele Ihrer Webseite zu realisieren.<\/p>\n","protected":false},"excerpt":{"rendered":"<p>SEO Informationen und Beratung gratis Sie m\u00f6chten dass Ihre Webseite bei den Suchmaschinen besser gefunden wird? Und Sie haben nicht endlos Finanzen zur Verf\u00fcgung? Dann ist Gratis SEO eine M\u00f6glichkeit f\u00fcr Sie. Gratis SEO von SwissOptimize Melden Sie sich bei https:\/\/swissoptimize.markus-winter.ch\/gratis\/ an und profitieren Sie von gratis SEO. Suchmaschinenoptimierung das ist vielschichtig In den Suchmaschinenergebnissen [&hellip;]<\/p>\n","protected":false},"author":1,"featured_media":0,"parent":0,"menu_order":0,"comment_status":"closed","ping_status":"closed","template":"","meta":{"footnotes":""},"class_list":["post-1258","page","type-page","status-publish","hentry"],"_links":{"self":[{"href":"https:\/\/mw99.revier.ch\/index.php\/wp-json\/wp\/v2\/pages\/1258","targetHints":{"allow":["GET"]}}],"collection":[{"href":"https:\/\/mw99.revier.ch\/index.php\/wp-json\/wp\/v2\/pages"}],"about":[{"href":"https:\/\/mw99.revier.ch\/index.php\/wp-json\/wp\/v2\/types\/page"}],"author":[{"embeddable":true,"href":"https:\/\/mw99.revier.ch\/index.php\/wp-json\/wp\/v2\/users\/1"}],"replies":[{"embeddable":true,"href":"https:\/\/mw99.revier.ch\/index.php\/wp-json\/wp\/v2\/comments?post=1258"}],"version-history":[{"count":0,"href":"https:\/\/mw99.revier.ch\/index.php\/wp-json\/wp\/v2\/pages\/1258\/revisions"}],"wp:attachment":[{"href":"https:\/\/mw99.revier.ch\/index.php\/wp-json\/wp\/v2\/media?parent=1258"}],"curies":[{"name":"wp","href":"https:\/\/api.w.org\/{rel}","templated":true}]}}