{"id":1158,"date":"2023-04-29T16:05:48","date_gmt":"2023-04-29T16:05:48","guid":{"rendered":"https:\/\/mw9.ch\/?page_id=1158"},"modified":"2023-04-29T16:05:48","modified_gmt":"2023-04-29T16:05:48","slug":"css-fuer-wordpress","status":"publish","type":"page","link":"https:\/\/mw99.revier.ch\/index.php\/it\/schulung\/css-fuer-wordpress\/","title":{"rendered":"CSS f\u00fcr WordPress"},"content":{"rendered":"\n<p>Viele WordPress Webseiten verwenden ein speziell designetes Theme. Doch oft kommt es vor, dass dieses durch CSS noch besser dargestellt werden soll. Im Kurs CSS f\u00fcr WordPress lernen Sie wie CSS funktioniert und wie Sie Ihre WordPress Webseite mit CSS ver\u00e4ndern k\u00f6nnen.<\/p>\n\n\n\n<p>Geniessen Sie meine CSS <a href=\"https:\/\/mw9.ch\/it\/schulung\/\" data-type=\"page\" data-id=\"1154\">Schlung<\/a> und optimieren Sie Ihre WordPress Webseite.<\/p>\n","protected":false},"excerpt":{"rendered":"<p>Viele WordPress Webseiten verwenden ein speziell designetes Theme. Doch oft kommt es vor, dass dieses durch CSS noch besser dargestellt werden soll. Im Kurs CSS f\u00fcr WordPress lernen Sie wie CSS funktioniert und wie Sie Ihre WordPress Webseite mit CSS ver\u00e4ndern k\u00f6nnen. Geniessen Sie meine CSS Schlung und optimieren Sie Ihre WordPress Webseite.<\/p>\n","protected":false},"author":1,"featured_media":0,"parent":1154,"menu_order":1,"comment_status":"closed","ping_status":"closed","template":"","meta":{"footnotes":""},"class_list":["post-1158","page","type-page","status-publish","hentry"],"_links":{"self":[{"href":"https:\/\/mw99.revier.ch\/index.php\/wp-json\/wp\/v2\/pages\/1158","targetHints":{"allow":["GET"]}}],"collection":[{"href":"https:\/\/mw99.revier.ch\/index.php\/wp-json\/wp\/v2\/pages"}],"about":[{"href":"https:\/\/mw99.revier.ch\/index.php\/wp-json\/wp\/v2\/types\/page"}],"author":[{"embeddable":true,"href":"https:\/\/mw99.revier.ch\/index.php\/wp-json\/wp\/v2\/users\/1"}],"replies":[{"embeddable":true,"href":"https:\/\/mw99.revier.ch\/index.php\/wp-json\/wp\/v2\/comments?post=1158"}],"version-history":[{"count":0,"href":"https:\/\/mw99.revier.ch\/index.php\/wp-json\/wp\/v2\/pages\/1158\/revisions"}],"up":[{"embeddable":true,"href":"https:\/\/mw99.revier.ch\/index.php\/wp-json\/wp\/v2\/pages\/1154"}],"wp:attachment":[{"href":"https:\/\/mw99.revier.ch\/index.php\/wp-json\/wp\/v2\/media?parent=1158"}],"curies":[{"name":"wp","href":"https:\/\/api.w.org\/{rel}","templated":true}]}}