{"id":1059,"date":"2023-04-06T22:02:08","date_gmt":"2023-04-06T22:02:08","guid":{"rendered":"https:\/\/mw9.ch\/?page_id=1059"},"modified":"2023-04-06T22:02:08","modified_gmt":"2023-04-06T22:02:08","slug":"websprachen","status":"publish","type":"page","link":"https:\/\/mw99.revier.ch\/index.php\/it\/websprachen\/","title":{"rendered":"WebSprachen"},"content":{"rendered":"\n<p>F\u00fcr die Herstellung von Internetseiten kommen diverse Sprachen und Datenbanksysteme zum Einsatz.<\/p>\n\n\n\n<ul class=\"wp-block-list\">\n<li>HTML<\/li>\n\n\n\n<li>CSS<\/li>\n\n\n\n<li>JavaScript<\/li>\n\n\n\n<li>PHP<\/li>\n\n\n\n<li>MySQL \/ Maria DB<\/li>\n<\/ul>\n\n\n\n<p>In meiner langj\u00e4hrigen T\u00e4tigkeit bin ich mit allen Sprachen f\u00fcr die Erstellung von Webseiten vertraut.<\/p>\n\n\n\n<p><a href=\"https:\/\/mw9.ch\/mw9kontaktieren\/\" data-type=\"page\" data-id=\"225\">Fragen Sie mich<\/a> unverbindlich an f\u00fcr jegliche Ihrer Fragen.<\/p>\n","protected":false},"excerpt":{"rendered":"<p>F\u00fcr die Herstellung von Internetseiten kommen diverse Sprachen und Datenbanksysteme zum Einsatz. In meiner langj\u00e4hrigen T\u00e4tigkeit bin ich mit allen Sprachen f\u00fcr die Erstellung von Webseiten vertraut. Fragen Sie mich unverbindlich an f\u00fcr jegliche Ihrer Fragen.<\/p>\n","protected":false},"author":1,"featured_media":0,"parent":482,"menu_order":0,"comment_status":"closed","ping_status":"closed","template":"","meta":{"footnotes":""},"class_list":["post-1059","page","type-page","status-publish","hentry"],"_links":{"self":[{"href":"https:\/\/mw99.revier.ch\/index.php\/wp-json\/wp\/v2\/pages\/1059","targetHints":{"allow":["GET"]}}],"collection":[{"href":"https:\/\/mw99.revier.ch\/index.php\/wp-json\/wp\/v2\/pages"}],"about":[{"href":"https:\/\/mw99.revier.ch\/index.php\/wp-json\/wp\/v2\/types\/page"}],"author":[{"embeddable":true,"href":"https:\/\/mw99.revier.ch\/index.php\/wp-json\/wp\/v2\/users\/1"}],"replies":[{"embeddable":true,"href":"https:\/\/mw99.revier.ch\/index.php\/wp-json\/wp\/v2\/comments?post=1059"}],"version-history":[{"count":0,"href":"https:\/\/mw99.revier.ch\/index.php\/wp-json\/wp\/v2\/pages\/1059\/revisions"}],"up":[{"embeddable":true,"href":"https:\/\/mw99.revier.ch\/index.php\/wp-json\/wp\/v2\/pages\/482"}],"wp:attachment":[{"href":"https:\/\/mw99.revier.ch\/index.php\/wp-json\/wp\/v2\/media?parent=1059"}],"curies":[{"name":"wp","href":"https:\/\/api.w.org\/{rel}","templated":true}]}}